{"id":779,"date":"2026-02-13T07:43:38","date_gmt":"2026-02-13T06:43:38","guid":{"rendered":"https:\/\/loxoneworks.cz\/?post_type=product&#038;p=779"},"modified":"2026-02-13T07:51:17","modified_gmt":"2026-02-13T06:51:17","slug":"weidmuller-drzak-stitku-bzt-pro-prv-ppv8-sw","status":"publish","type":"product","link":"https:\/\/loxoneworks.cz\/?product=weidmuller-drzak-stitku-bzt-pro-prv-ppv8-sw","title":{"rendered":"Weidm\u00fcller dr\u017e\u00e1k \u0161t\u00edtk\u016f BZT pro PRV\/PPV8 SW"},"content":{"rendered":"<p>Dr\u017e\u00e1k \u0161t\u00edtk\u016f \/ odd\u011blovac\u00ed desti\u010dka pro \u0159adov\u00e9 svorky PRV8\/PPV8<\/p>\n<p>Barva \u010dern\u00e1<\/p>\n<p><a href=\"https:\/\/eshop.weidmueller.com\/cs\/bzt-prv8-sw-35x7-5\/p\/1173580000\" target=\"_blank\" rel=\"noopener\">Odkaz na produkt v katalogu v\u00fdrobce<\/a><\/p>\n","protected":false},"excerpt":{"rendered":"<p>Bo\u010dnice pro optick\u00e9 i elektrick\u00e9 odd\u011blen\u00ed \/ ukon\u010den\u00ed \u0159adov\u00fdch svorek.<\/p>\n","protected":false},"featured_media":780,"template":"","meta":{"om_disable_all_campaigns":false,"_monsterinsights_skip_tracking":false,"_monsterinsights_sitenote_active":false,"_monsterinsights_sitenote_note":"","_monsterinsights_sitenote_category":0},"product_brand":[79],"product_cat":[26],"product_tag":[28,24],"class_list":{"0":"post-779","1":"product","2":"type-product","3":"status-publish","4":"has-post-thumbnail","6":"product_brand-weidmuller","7":"product_cat-weidmuller","8":"product_tag-bocnice","9":"product_tag-radova-svorka","11":"first","12":"instock","13":"taxable","14":"shipping-taxable","15":"purchasable","16":"product-type-simple"},"_links":{"self":[{"href":"https:\/\/loxoneworks.cz\/index.php?rest_route=\/wp\/v2\/product\/779","targetHints":{"allow":["GET"]}}],"collection":[{"href":"https:\/\/loxoneworks.cz\/index.php?rest_route=\/wp\/v2\/product"}],"about":[{"href":"https:\/\/loxoneworks.cz\/index.php?rest_route=\/wp\/v2\/types\/product"}],"wp:featuredmedia":[{"embeddable":true,"href":"https:\/\/loxoneworks.cz\/index.php?rest_route=\/wp\/v2\/media\/780"}],"wp:attachment":[{"href":"https:\/\/loxoneworks.cz\/index.php?rest_route=%2Fwp%2Fv2%2Fmedia&parent=779"}],"wp:term":[{"taxonomy":"product_brand","embeddable":true,"href":"https:\/\/loxoneworks.cz\/index.php?rest_route=%2Fwp%2Fv2%2Fproduct_brand&post=779"},{"taxonomy":"product_cat","embeddable":true,"href":"https:\/\/loxoneworks.cz\/index.php?rest_route=%2Fwp%2Fv2%2Fproduct_cat&post=779"},{"taxonomy":"product_tag","embeddable":true,"href":"https:\/\/loxoneworks.cz\/index.php?rest_route=%2Fwp%2Fv2%2Fproduct_tag&post=779"}],"curies":[{"name":"wp","href":"https:\/\/api.w.org\/{rel}","templated":true}]}}