{"id":695,"date":"2025-07-14T17:58:47","date_gmt":"2025-07-14T16:58:47","guid":{"rendered":"https:\/\/loxoneworks.cz\/?post_type=product&#038;p=695"},"modified":"2025-07-14T18:07:30","modified_gmt":"2025-07-14T17:07:30","slug":"weidmuller-bocnice-tw-prv8-1-8-se","status":"publish","type":"product","link":"https:\/\/loxoneworks.cz\/?product=weidmuller-bocnice-tw-prv8-1-8-se","title":{"rendered":"Weidm\u00fcller bo\u010dnice TW PRV8 1-8 SE"},"content":{"rendered":"<p>Bo\u010dnice \/ p\u0159ed\u011blov\u00e1 deska pro \u0159adov\u00e9 svorky PRV8\/PPV8<\/p>\n<p>Barva b\u00e9\u017eov\u00e1, \u010d\u00edslov\u00e1no 1-8.<\/p>\n<p><a href=\"https:\/\/eshop.weidmueller.com\/cs\/tw-prv8-1-8-se\/p\/1312410000\" target=\"_blank\" rel=\"noopener\">Odkaz na produkt v katalogu v\u00fdrobce<\/a><\/p>\n","protected":false},"excerpt":{"rendered":"<p>Bo\u010dnice pro optick\u00e9 i elektrick\u00e9 odd\u011blen\u00ed \/ ukon\u010den\u00ed \u0159adov\u00fdch svorek.<\/p>\n","protected":false},"featured_media":696,"template":"","meta":{"om_disable_all_campaigns":false,"_monsterinsights_skip_tracking":false,"_monsterinsights_sitenote_active":false,"_monsterinsights_sitenote_note":"","_monsterinsights_sitenote_category":0},"product_brand":[79],"product_cat":[26],"product_tag":[28,24],"class_list":{"0":"post-695","1":"product","2":"type-product","3":"status-publish","4":"has-post-thumbnail","6":"product_brand-weidmuller","7":"product_cat-weidmuller","8":"product_tag-bocnice","9":"product_tag-radova-svorka","11":"first","12":"instock","13":"taxable","14":"shipping-taxable","15":"purchasable","16":"product-type-simple"},"_links":{"self":[{"href":"https:\/\/loxoneworks.cz\/index.php?rest_route=\/wp\/v2\/product\/695","targetHints":{"allow":["GET"]}}],"collection":[{"href":"https:\/\/loxoneworks.cz\/index.php?rest_route=\/wp\/v2\/product"}],"about":[{"href":"https:\/\/loxoneworks.cz\/index.php?rest_route=\/wp\/v2\/types\/product"}],"wp:featuredmedia":[{"embeddable":true,"href":"https:\/\/loxoneworks.cz\/index.php?rest_route=\/wp\/v2\/media\/696"}],"wp:attachment":[{"href":"https:\/\/loxoneworks.cz\/index.php?rest_route=%2Fwp%2Fv2%2Fmedia&parent=695"}],"wp:term":[{"taxonomy":"product_brand","embeddable":true,"href":"https:\/\/loxoneworks.cz\/index.php?rest_route=%2Fwp%2Fv2%2Fproduct_brand&post=695"},{"taxonomy":"product_cat","embeddable":true,"href":"https:\/\/loxoneworks.cz\/index.php?rest_route=%2Fwp%2Fv2%2Fproduct_cat&post=695"},{"taxonomy":"product_tag","embeddable":true,"href":"https:\/\/loxoneworks.cz\/index.php?rest_route=%2Fwp%2Fv2%2Fproduct_tag&post=695"}],"curies":[{"name":"wp","href":"https:\/\/api.w.org\/{rel}","templated":true}]}}