{"id":69,"date":"2023-12-24T14:02:21","date_gmt":"2023-12-24T13:02:21","guid":{"rendered":"https:\/\/loxoneworks.cz\/?post_type=product&#038;p=69"},"modified":"2023-12-24T16:27:42","modified_gmt":"2023-12-24T15:27:42","slug":"weidmuller-bocnice-aep-4c-2-5-bk-cerna","status":"publish","type":"product","link":"https:\/\/loxoneworks.cz\/?product=weidmuller-bocnice-aep-4c-2-5-bk-cerna","title":{"rendered":"Weidm\u00fcller bo\u010dnice AEP 4C 2.5 BK &#8211; \u010dern\u00e1"},"content":{"rendered":"<p>Bo\u010dnice pro \u0159adov\u00e9 svorky A4C nebo pojistkov\u00e9 svorky AFS<\/p>\n<p>Barva \u010dern\u00e1<\/p>\n<p><a href=\"https:\/\/catalog.weidmueller.com\/procat\/Product.jsp;jsessionid=5BD970D933E27F6BA485FC259F7337C9?productId=(%5b2486660000%5d)&amp;page=Product\">Odkaz na produkt v katalogu v\u00fdrobce<\/a><\/p>\n","protected":false},"excerpt":{"rendered":"<p>Bo\u010dnice pro optick\u00e9 i elektrick\u00e9 odd\u011blen\u00ed \/ ukon\u010den\u00ed \u0159adov\u00fdch svorek.<\/p>\n","protected":false},"featured_media":70,"template":"","meta":{"om_disable_all_campaigns":false,"_monsterinsights_skip_tracking":false,"_monsterinsights_sitenote_active":false,"_monsterinsights_sitenote_note":"","_monsterinsights_sitenote_category":0},"product_brand":[],"product_cat":[26],"product_tag":[28,24],"class_list":{"0":"post-69","1":"product","2":"type-product","3":"status-publish","4":"has-post-thumbnail","6":"product_cat-weidmuller","7":"product_tag-bocnice","8":"product_tag-radova-svorka","10":"first","11":"instock","12":"taxable","13":"shipping-taxable","14":"purchasable","15":"product-type-simple"},"_links":{"self":[{"href":"https:\/\/loxoneworks.cz\/index.php?rest_route=\/wp\/v2\/product\/69","targetHints":{"allow":["GET"]}}],"collection":[{"href":"https:\/\/loxoneworks.cz\/index.php?rest_route=\/wp\/v2\/product"}],"about":[{"href":"https:\/\/loxoneworks.cz\/index.php?rest_route=\/wp\/v2\/types\/product"}],"wp:featuredmedia":[{"embeddable":true,"href":"https:\/\/loxoneworks.cz\/index.php?rest_route=\/wp\/v2\/media\/70"}],"wp:attachment":[{"href":"https:\/\/loxoneworks.cz\/index.php?rest_route=%2Fwp%2Fv2%2Fmedia&parent=69"}],"wp:term":[{"taxonomy":"product_brand","embeddable":true,"href":"https:\/\/loxoneworks.cz\/index.php?rest_route=%2Fwp%2Fv2%2Fproduct_brand&post=69"},{"taxonomy":"product_cat","embeddable":true,"href":"https:\/\/loxoneworks.cz\/index.php?rest_route=%2Fwp%2Fv2%2Fproduct_cat&post=69"},{"taxonomy":"product_tag","embeddable":true,"href":"https:\/\/loxoneworks.cz\/index.php?rest_route=%2Fwp%2Fv2%2Fproduct_tag&post=69"}],"curies":[{"name":"wp","href":"https:\/\/api.w.org\/{rel}","templated":true}]}}