{"id":684,"date":"2025-05-23T20:17:59","date_gmt":"2025-05-23T19:17:59","guid":{"rendered":"https:\/\/loxoneworks.cz\/?post_type=product&#038;p=684"},"modified":"2025-05-23T20:17:59","modified_gmt":"2025-05-23T19:17:59","slug":"weidmuller-busbar-cusn-10x3mm-delky-od-10-cm","status":"publish","type":"product","link":"https:\/\/loxoneworks.cz\/?product=weidmuller-busbar-cusn-10x3mm-delky-od-10-cm","title":{"rendered":"Weidmuller busbar CuSn 10x3mm &#8211; d\u00e9lky od 10 cm"},"content":{"rendered":"<p>P\u0159\u00edpojnice CuSn &#8211; m\u011bd\u011bn\u00e1, poc\u00ednovan\u00e1, pr\u016f\u0159ez 30 mm2 (10x3mm) je vhodn\u00e1 pro p\u0159ipojen\u00ed \u0159adov\u00fdch zemn\u00edc\u00edch svorek (se speci\u00e1ln\u00ed funkc\u00ed &#8211; uzemn\u011bn\u00ed st\u00edn\u011bn\u00ed datov\u00fdch kabel\u016f CAT6A\/CAT7), p\u0159\u00edpadn\u011b \u0159adov\u00fdch svorek pro p\u0159ipojen\u00ed z\u00e1suvkov\u00fdch \u010di jin\u00fdch 1F obvod\u016f s mo\u017enost\u00ed odpojen\u00ed N vodi\u010de (nap\u0159. Weidm\u00fcller PDL, Phoenix Contact PTI apod.).<\/p>\n<p>Mo\u017eno na\u0159ezat na m\u00edru na n\u00e1sobky 10 cm a\u017e do celkov\u00e9 d\u00e9lky 1m. Na \u0159ez je t\u0159eba ode\u010d\u00edst 3mm. Cena je za 10 cm d\u00e9lky, pro v\u011bt\u0161\u00ed d\u00e9lku objednejte v\u00edce kus\u016f.<\/p>\n","protected":false},"excerpt":{"rendered":"<p>P\u0159\u00edpojnice CuSn &#8211; m\u011bd\u011bn\u00e1, poc\u00ednovan\u00e1, pr\u016f\u0159ez 30 mm2 (10x3mm)<\/p>\n","protected":false},"featured_media":685,"template":"","meta":{"om_disable_all_campaigns":false,"_monsterinsights_skip_tracking":false,"_monsterinsights_sitenote_active":false,"_monsterinsights_sitenote_note":"","_monsterinsights_sitenote_category":0},"product_brand":[79],"product_cat":[23,26],"product_tag":[],"class_list":{"0":"post-684","1":"product","2":"type-product","3":"status-publish","4":"has-post-thumbnail","6":"product_brand-weidmuller","7":"product_cat-radove-svorky","8":"product_cat-weidmuller","10":"first","11":"instock","12":"taxable","13":"shipping-taxable","14":"purchasable","15":"product-type-simple"},"_links":{"self":[{"href":"https:\/\/loxoneworks.cz\/index.php?rest_route=\/wp\/v2\/product\/684","targetHints":{"allow":["GET"]}}],"collection":[{"href":"https:\/\/loxoneworks.cz\/index.php?rest_route=\/wp\/v2\/product"}],"about":[{"href":"https:\/\/loxoneworks.cz\/index.php?rest_route=\/wp\/v2\/types\/product"}],"wp:featuredmedia":[{"embeddable":true,"href":"https:\/\/loxoneworks.cz\/index.php?rest_route=\/wp\/v2\/media\/685"}],"wp:attachment":[{"href":"https:\/\/loxoneworks.cz\/index.php?rest_route=%2Fwp%2Fv2%2Fmedia&parent=684"}],"wp:term":[{"taxonomy":"product_brand","embeddable":true,"href":"https:\/\/loxoneworks.cz\/index.php?rest_route=%2Fwp%2Fv2%2Fproduct_brand&post=684"},{"taxonomy":"product_cat","embeddable":true,"href":"https:\/\/loxoneworks.cz\/index.php?rest_route=%2Fwp%2Fv2%2Fproduct_cat&post=684"},{"taxonomy":"product_tag","embeddable":true,"href":"https:\/\/loxoneworks.cz\/index.php?rest_route=%2Fwp%2Fv2%2Fproduct_tag&post=684"}],"curies":[{"name":"wp","href":"https:\/\/api.w.org\/{rel}","templated":true}]}}