{"id":682,"date":"2025-05-23T19:55:29","date_gmt":"2025-05-23T18:55:29","guid":{"rendered":"https:\/\/loxoneworks.cz\/?post_type=product&#038;p=682"},"modified":"2025-08-23T18:06:56","modified_gmt":"2025-08-23T17:06:56","slug":"phoenix-contact-akg-16-gnye","status":"publish","type":"product","link":"https:\/\/loxoneworks.cz\/?product=phoenix-contact-akg-16-gnye","title":{"rendered":"Phoenix Contact AKG 16 GNYE"},"content":{"rendered":"<p>Svorka, p\u016fvodn\u011b ur\u010den\u00e1 jako zemn\u00edc\u00ed na busbar 10&#215;3 mm ov\u0161em najde skv\u011bl\u00e9 uplatn\u011bn\u00ed pro uzemn\u011bn\u00ed datov\u00fdch kabel\u016f CAT6A v rozvad\u011b\u010di. Ide\u00e1ln\u00ed je v\u0161echny st\u00edn\u011bn\u00e9 datov\u00e9 kabely p\u0159ed &#8222;oholen\u00edm&#8220; na jednotliv\u00e9 datov\u00e9 p\u00e1ry v rozvad\u011b\u010di (pouze v rozvad\u011b\u010di!) uzemnit, aby se odru\u0161ily p\u0159\u00edpadn\u00e9 naindukovan\u00e9 sign\u00e1ly \u010di ruchy. Datov\u00fd kabel zbaven\u00fd plastov\u00e9 izolace, ov\u0161em ponech\u00e1no st\u00edn\u011bn\u00ed se p\u0159esn\u011b vejde do t\u00e9to svorky. Nutno zakoupit i busbar 10&#215;3 mm, kter\u00fd m\u00e1me rovn\u011b\u017e v nab\u00eddce.<\/p>\n","protected":false},"excerpt":{"rendered":"<p>\u0158adov\u00e1 svorka na busbar vhodn\u00e1 pro uzemn\u011bn\u00ed datov\u00fdch kabel\u016f CAT6A\/CAT7<\/p>\n","protected":false},"featured_media":683,"template":"","meta":{"om_disable_all_campaigns":false,"_monsterinsights_skip_tracking":false,"_monsterinsights_sitenote_active":false,"_monsterinsights_sitenote_note":"","_monsterinsights_sitenote_category":0},"product_brand":[77],"product_cat":[76,23],"product_tag":[78],"class_list":{"0":"post-682","1":"product","2":"type-product","3":"status-publish","4":"has-post-thumbnail","6":"product_brand-phoenix-contact","7":"product_cat-phoenix-contact","8":"product_cat-radove-svorky","9":"product_tag-radove-svorky","11":"first","12":"onbackorder","13":"taxable","14":"shipping-taxable","15":"purchasable","16":"product-type-simple"},"_links":{"self":[{"href":"https:\/\/loxoneworks.cz\/index.php?rest_route=\/wp\/v2\/product\/682","targetHints":{"allow":["GET"]}}],"collection":[{"href":"https:\/\/loxoneworks.cz\/index.php?rest_route=\/wp\/v2\/product"}],"about":[{"href":"https:\/\/loxoneworks.cz\/index.php?rest_route=\/wp\/v2\/types\/product"}],"wp:featuredmedia":[{"embeddable":true,"href":"https:\/\/loxoneworks.cz\/index.php?rest_route=\/wp\/v2\/media\/683"}],"wp:attachment":[{"href":"https:\/\/loxoneworks.cz\/index.php?rest_route=%2Fwp%2Fv2%2Fmedia&parent=682"}],"wp:term":[{"taxonomy":"product_brand","embeddable":true,"href":"https:\/\/loxoneworks.cz\/index.php?rest_route=%2Fwp%2Fv2%2Fproduct_brand&post=682"},{"taxonomy":"product_cat","embeddable":true,"href":"https:\/\/loxoneworks.cz\/index.php?rest_route=%2Fwp%2Fv2%2Fproduct_cat&post=682"},{"taxonomy":"product_tag","embeddable":true,"href":"https:\/\/loxoneworks.cz\/index.php?rest_route=%2Fwp%2Fv2%2Fproduct_tag&post=682"}],"curies":[{"name":"wp","href":"https:\/\/api.w.org\/{rel}","templated":true}]}}