{"id":564,"date":"2025-03-16T12:19:03","date_gmt":"2025-03-16T11:19:03","guid":{"rendered":"https:\/\/loxoneworks.cz\/?post_type=product&#038;p=564"},"modified":"2025-03-16T12:21:06","modified_gmt":"2025-03-16T11:21:06","slug":"loxone-modbus-air","status":"publish","type":"product","link":"https:\/\/loxoneworks.cz\/?product=loxone-modbus-air","title":{"rendered":"Loxone Modbus Air"},"content":{"rendered":"<p>Nativn\u00ed Loxone Modbus RTU rozhran\u00ed pro 1 za\u0159\u00edzen\u00ed, komunikace s Loxone p\u0159es bezdr\u00e1tov\u00fd protokol Air<\/p>\n<p>Podrobn\u00fd popis viz <a href=\"https:\/\/shop.loxone.com\/cscz\/product\/100565-modbus-air\" target=\"_blank\" rel=\"noopener\">str\u00e1nky v\u00fdrobce<\/a>.<\/p>\n<p>P\u0159\u00edpadn\u00fd slevov\u00fd kupon nutno p\u0159idat do pozn\u00e1mky p\u0159i objedn\u00e1vce.<\/p>\n","protected":false},"excerpt":{"rendered":"<p>Nativn\u00ed Loxone Modbus RTU rozhran\u00ed pro 1 za\u0159\u00edzen\u00ed, komunikace s Loxone p\u0159es bezdr\u00e1tov\u00fd protokol Air Podrobn\u00fd popis viz str\u00e1nky v\u00fdrobce. P\u0159\u00edpadn\u00fd slevov\u00fd kupon nutno p\u0159idat do pozn\u00e1mky p\u0159i objedn\u00e1vce.<\/p>\n","protected":false},"featured_media":565,"template":"","meta":{"om_disable_all_campaigns":false,"_monsterinsights_skip_tracking":false,"_monsterinsights_sitenote_active":false,"_monsterinsights_sitenote_note":"","_monsterinsights_sitenote_category":0},"product_brand":[],"product_cat":[70],"product_tag":[55,66,67],"class_list":{"0":"post-564","1":"product","2":"type-product","3":"status-publish","4":"has-post-thumbnail","6":"product_cat-loxone-komponenty","7":"product_tag-din-lista","8":"product_tag-mereni-ee","9":"product_tag-modbus","11":"first","12":"instock","13":"taxable","14":"shipping-taxable","15":"purchasable","16":"product-type-simple"},"_links":{"self":[{"href":"https:\/\/loxoneworks.cz\/index.php?rest_route=\/wp\/v2\/product\/564","targetHints":{"allow":["GET"]}}],"collection":[{"href":"https:\/\/loxoneworks.cz\/index.php?rest_route=\/wp\/v2\/product"}],"about":[{"href":"https:\/\/loxoneworks.cz\/index.php?rest_route=\/wp\/v2\/types\/product"}],"wp:featuredmedia":[{"embeddable":true,"href":"https:\/\/loxoneworks.cz\/index.php?rest_route=\/wp\/v2\/media\/565"}],"wp:attachment":[{"href":"https:\/\/loxoneworks.cz\/index.php?rest_route=%2Fwp%2Fv2%2Fmedia&parent=564"}],"wp:term":[{"taxonomy":"product_brand","embeddable":true,"href":"https:\/\/loxoneworks.cz\/index.php?rest_route=%2Fwp%2Fv2%2Fproduct_brand&post=564"},{"taxonomy":"product_cat","embeddable":true,"href":"https:\/\/loxoneworks.cz\/index.php?rest_route=%2Fwp%2Fv2%2Fproduct_cat&post=564"},{"taxonomy":"product_tag","embeddable":true,"href":"https:\/\/loxoneworks.cz\/index.php?rest_route=%2Fwp%2Fv2%2Fproduct_tag&post=564"}],"curies":[{"name":"wp","href":"https:\/\/api.w.org\/{rel}","templated":true}]}}