{"id":404,"date":"2024-02-18T12:32:02","date_gmt":"2024-02-18T11:32:02","guid":{"rendered":"https:\/\/loxoneworks.cz\/?post_type=product&#038;p=404"},"modified":"2025-03-15T10:43:38","modified_gmt":"2025-03-15T09:43:38","slug":"eastron-sdm630-modbus-v2-prime-mereni","status":"publish","type":"product","link":"https:\/\/loxoneworks.cz\/?product=eastron-sdm630-modbus-v2-prime-mereni","title":{"rendered":"Eastron SDM630 Modbus V2 &#8211; p\u0159\u00edm\u00e9 m\u011b\u0159en\u00ed"},"content":{"rendered":"<p>1F\/3F elektrom\u011br do 100A p\u0159\u00edm\u00e9 m\u011b\u0159en\u00ed, jednosazbov\u00fd, Modbus rozhran\u00ed, MID ov\u011b\u0159en\u00ed pro fakturaci, m\u011b\u0159\u00ed spot\u0159ebu i dod\u00e1vku.<\/p>\n<p>Podrobn\u00fd popis na viz <a href=\"https:\/\/www.eastroneurope.com\/products\/view\/sdm630modbus\" target=\"_blank\" rel=\"noopener\">str\u00e1nky v\u00fdrobce<\/a>.<\/p>\n<p>Mo\u017enost nastaven\u00ed parametr\u016f komunikace Modbus p\u0159\u00edmo od n\u00e1s.<\/p>\n","protected":false},"excerpt":{"rendered":"<p>1F\/3F elektrom\u011br do 100A p\u0159\u00edm\u00e9 m\u011b\u0159en\u00ed, jednosazbov\u00fd, Modbus rozhran\u00ed, MID ov\u011b\u0159en\u00ed pro fakturaci, m\u011b\u0159\u00ed spot\u0159ebu i dod\u00e1vku. Podrobn\u00fd popis na viz str\u00e1nky v\u00fdrobce. Mo\u017enost nastaven\u00ed parametr\u016f komunikace Modbus p\u0159\u00edmo od n\u00e1s.<\/p>\n","protected":false},"featured_media":406,"template":"","meta":{"om_disable_all_campaigns":false,"_monsterinsights_skip_tracking":false,"_monsterinsights_sitenote_active":false,"_monsterinsights_sitenote_note":"","_monsterinsights_sitenote_category":0},"product_brand":[],"product_cat":[65],"product_tag":[55,66,67],"class_list":{"0":"post-404","1":"product","2":"type-product","3":"status-publish","4":"has-post-thumbnail","6":"product_cat-merice-ee","7":"product_tag-din-lista","8":"product_tag-mereni-ee","9":"product_tag-modbus","11":"first","12":"onbackorder","13":"taxable","14":"shipping-taxable","15":"purchasable","16":"product-type-simple"},"_links":{"self":[{"href":"https:\/\/loxoneworks.cz\/index.php?rest_route=\/wp\/v2\/product\/404","targetHints":{"allow":["GET"]}}],"collection":[{"href":"https:\/\/loxoneworks.cz\/index.php?rest_route=\/wp\/v2\/product"}],"about":[{"href":"https:\/\/loxoneworks.cz\/index.php?rest_route=\/wp\/v2\/types\/product"}],"wp:featuredmedia":[{"embeddable":true,"href":"https:\/\/loxoneworks.cz\/index.php?rest_route=\/wp\/v2\/media\/406"}],"wp:attachment":[{"href":"https:\/\/loxoneworks.cz\/index.php?rest_route=%2Fwp%2Fv2%2Fmedia&parent=404"}],"wp:term":[{"taxonomy":"product_brand","embeddable":true,"href":"https:\/\/loxoneworks.cz\/index.php?rest_route=%2Fwp%2Fv2%2Fproduct_brand&post=404"},{"taxonomy":"product_cat","embeddable":true,"href":"https:\/\/loxoneworks.cz\/index.php?rest_route=%2Fwp%2Fv2%2Fproduct_cat&post=404"},{"taxonomy":"product_tag","embeddable":true,"href":"https:\/\/loxoneworks.cz\/index.php?rest_route=%2Fwp%2Fv2%2Fproduct_tag&post=404"}],"curies":[{"name":"wp","href":"https:\/\/api.w.org\/{rel}","templated":true}]}}