{"id":357,"date":"2024-02-14T07:59:19","date_gmt":"2024-02-14T06:59:19","guid":{"rendered":"https:\/\/loxoneworks.cz\/?post_type=product&#038;p=357"},"modified":"2024-02-14T08:01:09","modified_gmt":"2024-02-14T07:01:09","slug":"inrush-rele-schrack-rts3t024","status":"publish","type":"product","link":"https:\/\/loxoneworks.cz\/?product=inrush-rele-schrack-rts3t024","title":{"rendered":"Inrush rel\u00e9 Schrack RTS3T024"},"content":{"rendered":"<p>Miniaturn\u00ed Inrush rel\u00e9<\/p>\n<p>Ovl\u00e1dac\u00ed nap\u011bt\u00ed 24V<\/p>\n<p>Materi\u00e1l kontakt\u016f: AgSnO<sub>2<\/sub> + W<\/p>\n<p>Spi\u010dkov\u00fd inrush proud: 165A<\/p>\n<p><a href=\"https:\/\/www.schrack.cz\/eshop\/rele-rt-inrush-1z-16a-24vdc-5mm-rts3t024.html\" target=\"_blank\" rel=\"noopener\">Podrobn\u00e9 technick\u00e9 informace na str\u00e1nce v\u00fdrobce.<\/a><\/p>\n","protected":false},"excerpt":{"rendered":"<p>Inrush rel\u00e9 Schrack RTS3T024<\/p>\n","protected":false},"featured_media":355,"template":"","meta":{"om_disable_all_campaigns":false,"_monsterinsights_skip_tracking":false,"_monsterinsights_sitenote_active":false,"_monsterinsights_sitenote_note":"","_monsterinsights_sitenote_category":0},"product_brand":[],"product_cat":[52],"product_tag":[56,53],"class_list":{"0":"post-357","1":"product","2":"type-product","3":"status-publish","4":"has-post-thumbnail","6":"product_cat-rele-a-patice","7":"product_tag-inrush","8":"product_tag-rele","10":"first","11":"instock","12":"taxable","13":"shipping-taxable","14":"purchasable","15":"product-type-simple"},"_links":{"self":[{"href":"https:\/\/loxoneworks.cz\/index.php?rest_route=\/wp\/v2\/product\/357","targetHints":{"allow":["GET"]}}],"collection":[{"href":"https:\/\/loxoneworks.cz\/index.php?rest_route=\/wp\/v2\/product"}],"about":[{"href":"https:\/\/loxoneworks.cz\/index.php?rest_route=\/wp\/v2\/types\/product"}],"wp:featuredmedia":[{"embeddable":true,"href":"https:\/\/loxoneworks.cz\/index.php?rest_route=\/wp\/v2\/media\/355"}],"wp:attachment":[{"href":"https:\/\/loxoneworks.cz\/index.php?rest_route=%2Fwp%2Fv2%2Fmedia&parent=357"}],"wp:term":[{"taxonomy":"product_brand","embeddable":true,"href":"https:\/\/loxoneworks.cz\/index.php?rest_route=%2Fwp%2Fv2%2Fproduct_brand&post=357"},{"taxonomy":"product_cat","embeddable":true,"href":"https:\/\/loxoneworks.cz\/index.php?rest_route=%2Fwp%2Fv2%2Fproduct_cat&post=357"},{"taxonomy":"product_tag","embeddable":true,"href":"https:\/\/loxoneworks.cz\/index.php?rest_route=%2Fwp%2Fv2%2Fproduct_tag&post=357"}],"curies":[{"name":"wp","href":"https:\/\/api.w.org\/{rel}","templated":true}]}}