{"id":30,"date":"2023-12-24T09:03:28","date_gmt":"2023-12-24T09:03:28","guid":{"rendered":"https:\/\/loxoneworks.cz\/?post_type=product&#038;p=30"},"modified":"2023-12-24T16:24:36","modified_gmt":"2023-12-24T15:24:36","slug":"weidmuller-afs-pojistkova-svorka","status":"publish","type":"product","link":"https:\/\/loxoneworks.cz\/?product=weidmuller-afs-pojistkova-svorka","title":{"rendered":"Weidm\u00fcller pojistkov\u00e1 svorka AFS 2,5 CF 2C BK"},"content":{"rendered":"<p>Pojistkov\u00e1 svorka tvarov\u011b kompatibiln\u00ed s \u0159adou A4C 2,5 mm2<\/p>\n<p>Push in svorky &#8211;\u00a0 2,5 mm2 max. pr\u016f\u0159ez vodi\u010de &#8211; BEZ LED DIODY<\/p>\n<p><a href=\"https:\/\/catalog.weidmueller.com\/catalog\/Start.do?localeId=cs&amp;ObjectID=2466530000\">Odkaz na produkt v katalogu v\u00fdrobce<\/a>:<\/p>\n","protected":false},"excerpt":{"rendered":"<p>Pojistkov\u00e1 \u0159adov\u00e1 svorka Weidm\u00fcller \u0159ady A. Nutnost pro bezpe\u010dn\u00e9 p\u0159ipojen\u00ed Loxone komponent k nap\u00e1jec\u00edmu zdroji.<\/p>\n","protected":false},"featured_media":31,"template":"","meta":{"om_disable_all_campaigns":false,"_monsterinsights_skip_tracking":false,"_monsterinsights_sitenote_active":false,"_monsterinsights_sitenote_note":"","_monsterinsights_sitenote_category":0},"product_brand":[],"product_cat":[26],"product_tag":[25,24],"class_list":{"0":"post-30","1":"product","2":"type-product","3":"status-publish","4":"has-post-thumbnail","6":"product_cat-weidmuller","7":"product_tag-pojistka","8":"product_tag-radova-svorka","10":"first","11":"instock","12":"taxable","13":"shipping-taxable","14":"purchasable","15":"product-type-simple"},"_links":{"self":[{"href":"https:\/\/loxoneworks.cz\/index.php?rest_route=\/wp\/v2\/product\/30","targetHints":{"allow":["GET"]}}],"collection":[{"href":"https:\/\/loxoneworks.cz\/index.php?rest_route=\/wp\/v2\/product"}],"about":[{"href":"https:\/\/loxoneworks.cz\/index.php?rest_route=\/wp\/v2\/types\/product"}],"wp:featuredmedia":[{"embeddable":true,"href":"https:\/\/loxoneworks.cz\/index.php?rest_route=\/wp\/v2\/media\/31"}],"wp:attachment":[{"href":"https:\/\/loxoneworks.cz\/index.php?rest_route=%2Fwp%2Fv2%2Fmedia&parent=30"}],"wp:term":[{"taxonomy":"product_brand","embeddable":true,"href":"https:\/\/loxoneworks.cz\/index.php?rest_route=%2Fwp%2Fv2%2Fproduct_brand&post=30"},{"taxonomy":"product_cat","embeddable":true,"href":"https:\/\/loxoneworks.cz\/index.php?rest_route=%2Fwp%2Fv2%2Fproduct_cat&post=30"},{"taxonomy":"product_tag","embeddable":true,"href":"https:\/\/loxoneworks.cz\/index.php?rest_route=%2Fwp%2Fv2%2Fproduct_tag&post=30"}],"curies":[{"name":"wp","href":"https:\/\/api.w.org\/{rel}","templated":true}]}}