{"id":96,"date":"2023-12-25T10:20:15","date_gmt":"2023-12-25T09:20:15","guid":{"rendered":"https:\/\/loxoneworks.cz\/?page_id=96"},"modified":"2024-01-04T16:39:59","modified_gmt":"2024-01-04T15:39:59","slug":"kontakty","status":"publish","type":"page","link":"https:\/\/loxoneworks.cz\/?page_id=96","title":{"rendered":"Kontakty"},"content":{"rendered":"\n<p>United Facility Services s.r.o.<\/p>\n\n\n\n<p>S\u00eddlo: Na Po\u0159\u00ed\u010d\u00ed 1757\/41, 110 00  PRAHA 1<\/p>\n\n\n\n<p>Provoz: Na Valech 2300\/2, 741 01  NOV\u00dd JI\u010c\u00cdN<\/p>\n\n\n\n<p>tel. 737 200 574<\/p>\n\n\n\n<p>e-mail: info (at) loxoneworks.cz<\/p>\n\n\n\n<p>web: <a href=\"http:\/\/www.unitedfs.cz\" target=\"_blank\" rel=\"noopener\" title=\"www.unitedfs.cz\">www.unitedfs.cz<\/a><\/p>\n\n\n\n<p>I\u010cO\/DI\u010c: (CZ) 242 686 23<\/p>\n","protected":false},"excerpt":{"rendered":"<p>United Facility Services s.r.o. S\u00eddlo: Na Po\u0159\u00ed\u010d\u00ed 1757\/41, 110 00 PRAHA 1 Provoz: Na Valech 2300\/2, 741 01 NOV\u00dd JI\u010c\u00cdN tel. 737 200 574 e-mail: info (at) loxoneworks.cz web: www.unitedfs.cz I\u010cO\/DI\u010c: (CZ) 242 686 23<\/p>\n","protected":false},"author":1,"featured_media":0,"parent":0,"menu_order":0,"comment_status":"closed","ping_status":"closed","template":"","meta":{"om_disable_all_campaigns":false,"_monsterinsights_skip_tracking":false,"_monsterinsights_sitenote_active":false,"_monsterinsights_sitenote_note":"","_monsterinsights_sitenote_category":0,"footnotes":""},"class_list":["post-96","page","type-page","status-publish","hentry"],"_links":{"self":[{"href":"https:\/\/loxoneworks.cz\/index.php?rest_route=\/wp\/v2\/pages\/96","targetHints":{"allow":["GET"]}}],"collection":[{"href":"https:\/\/loxoneworks.cz\/index.php?rest_route=\/wp\/v2\/pages"}],"about":[{"href":"https:\/\/loxoneworks.cz\/index.php?rest_route=\/wp\/v2\/types\/page"}],"author":[{"embeddable":true,"href":"https:\/\/loxoneworks.cz\/index.php?rest_route=\/wp\/v2\/users\/1"}],"replies":[{"embeddable":true,"href":"https:\/\/loxoneworks.cz\/index.php?rest_route=%2Fwp%2Fv2%2Fcomments&post=96"}],"version-history":[{"count":2,"href":"https:\/\/loxoneworks.cz\/index.php?rest_route=\/wp\/v2\/pages\/96\/revisions"}],"predecessor-version":[{"id":109,"href":"https:\/\/loxoneworks.cz\/index.php?rest_route=\/wp\/v2\/pages\/96\/revisions\/109"}],"wp:attachment":[{"href":"https:\/\/loxoneworks.cz\/index.php?rest_route=%2Fwp%2Fv2%2Fmedia&parent=96"}],"curies":[{"name":"wp","href":"https:\/\/api.w.org\/{rel}","templated":true}]}}