{"id":2,"date":"2022-03-26T19:45:08","date_gmt":"2022-03-26T19:45:08","guid":{"rendered":"http:\/\/loxoneworks.cz\/?page_id=2"},"modified":"2024-02-19T22:45:17","modified_gmt":"2024-02-19T21:45:17","slug":"o-projektu","status":"publish","type":"page","link":"https:\/\/loxoneworks.cz\/?page_id=2","title":{"rendered":"O projektu"},"content":{"rendered":"\n<p><\/p>\n\n\n\n<p>Na t\u011bchto str\u00e1nk\u00e1ch chci formou blogu prezentovat r\u016fzn\u00e9 tipy \u010di \u0159e\u0161en\u00ed, t\u00fdkaj\u00edc\u00ed se Loxone produkt\u016f, programov\u00e1n\u00ed v Configu apod. M\u011blo by j\u00edt&nbsp; prim\u00e1rn\u011b o m\u00e9 vlastn\u00ed post\u0159ehy, z\u00edskan\u00e9 v praxi, nabyt\u00e9 na \u0161kolen\u00edch \u010di komunikac\u00ed s podporou Loxone apod. Na rozd\u00edl od jin\u00fdch blog\u016f \u010di diskuzn\u00edch f\u00f3r, kde se v\u011bt\u0161inou p\u0159\u00edsp\u011bvky \u010di koment\u00e1\u0159e zvrhnou v pot\u0159ebu diskutuj\u00edc\u00edch prezentovat sv\u00e9 ego, na t\u011bchto str\u00e1nk\u00e1ch budou (alespo\u0148 prozat\u00edm) koment\u00e1\u0159e podl\u00e9hat schv\u00e1len\u00ed. Krom\u011b toho m\u00e1te mo\u017enost m\u011b s podn\u011btn\u00fdmi p\u0159\u00edsp\u011bvky kontaktovat e-mailem. <\/p>\n\n\n\n<p>Dal\u0161\u00ed sekc\u00ed je e-shop jak s nov\u00fdm, tak i pou\u017eit\u00fdm elektro materi\u00e1lem, vhodn\u00fdm (nejen) pro instalace Loxone. Typicky jde o \u0159adov\u00e9 svorky, rel\u00e9 a jin\u00fd elektroinstala\u010dn\u00ed materi\u00e1l, kter\u00fd se prod\u00e1v\u00e1 nap\u0159. po 50-ti kusech, zde nab\u00edz\u00edme i jednotkov\u00e1 mno\u017estv\u00ed. Nen\u00ed m\u00fdm c\u00edlem kop\u00edrovat Loxone eshop, ov\u0161em v p\u0159\u00edpad\u011b n\u00e1kupu i jin\u00e9ho materi\u00e1lu chyst\u00e1m slevy na Loxone prvky. E-shop je zat\u00edm v testovac\u00edm re\u017eimu, nicm\u00e9n\u011b n\u011bkter\u00e9 v\u011bci ji\u017e jde objednat.<\/p>\n\n\n\n<p>O mn\u011b: Elektronika, elektrotechnika a po\u010d\u00edta\u010de m\u011b bavily od ml\u00e1d\u00ed, n\u00e1sledn\u011b jsem dan\u00fd obor i vystudoval (\u010cVUT-FEL) nicm\u00e9n\u011b od roku 1990 jsem se v\u011bnoval podnik\u00e1n\u00ed a to m\u011b zavedlo ke stroj\u00edrenstv\u00ed, automotive a v posledn\u00edch 10-ti letech ke stavebn\u00edmu developmentu. Po \u00fasp\u011b\u0161n\u00e9 byznys kari\u00e9\u0159e jsem se rozhodl kone\u010dn\u011b se v\u011bnovat tomu, co m\u011b napl\u0148uje, a syst\u00e9m Loxone je p\u0159esn\u011b ta kombinace HW a SW, kter\u00e1 m\u011b bav\u00ed. Podle m\u00e9 zku\u0161enosti pokr\u00fdv\u00e1 drtivou v\u011bt\u0161inu pot\u0159eb \u0159\u00edzen\u00ed, m\u011b\u0159en\u00ed a regulace a\u0165 ji\u017e bytov\u00fdch, domovn\u00edch i kancel\u00e1\u0159sk\u00fdch \u010di jin\u00fdch komer\u010dn\u00edch prostor. <\/p>\n\n\n\n<p>Syt\u00e9m Loxone jsem prim\u00e1rn\u011b nasadil a ov\u011b\u0159il v praxi ve sv\u00fdch &#8211; p\u0159ev\u00e1\u017en\u011b administrativn\u00edch &#8211; budov\u00e1ch (vyt\u00e1p\u011bn\u00ed, osv\u011btlen\u00ed dimmery i DALI, m\u011b\u0159en\u00ed energi\u00ed apod.) i v nov\u011b budovan\u00e9m rodinn\u00e9m dom\u011b (v\u0161e zm\u00edn\u011bn\u00e9 plus audio, Sch\u00fcco, \u0159\u00edzen\u00ed FVE, T\u010c, H\u00f6rmann atd.) a d\u00e1le nasazuji i komer\u010dn\u011b pro extern\u00ed z\u00e1kazn\u00edky. <\/p>\n\n\n\n<p>S produkty Loxone jsem v drtiv\u00e9 v\u011bt\u0161in\u011b p\u0159\u00edpad\u016f maxim\u00e1ln\u011b spokojen, pokud zde v blogu n\u011bco kritizuji, je to proto, \u017ee ob\u010das nech\u00e1pu, jak je v\u016fbec mo\u017en\u00e9, aby dan\u00e1 funkcionalita nebyla vy\u0159e\u0161ena. Jako &#8222;aj\u0165\u00e1k&#8220; m\u00e1m pov\u011bdom\u00ed o tom, kolik (jak m\u00e1lo) by n\u00e1prava mohla st\u00e1t \u010dasu, ale bohu\u017eel, Loxone rad\u011bji bude programovat lampi\u010dky na st\u016fl, ne\u017e aby ud\u011blal po\u0159\u00e1dek nap\u0159\u00edklad v softwarov\u011b nedota\u017een\u00e9m Wallboxu nebo H\u00f6rmann Air, kter\u00fdch mus\u00ed b\u00fdt prod\u00e1ny des\u00edtky tis\u00edc.<\/p>\n\n\n\n<p>Petr Kun\u010d\u00edk<\/p>\n","protected":false},"excerpt":{"rendered":"<p>Na t\u011bchto str\u00e1nk\u00e1ch chci formou blogu prezentovat r\u016fzn\u00e9 tipy \u010di \u0159e\u0161en\u00ed, t\u00fdkaj\u00edc\u00ed se Loxone produkt\u016f, programov\u00e1n\u00ed v Configu apod. M\u011blo by j\u00edt&nbsp; prim\u00e1rn\u011b o m\u00e9 vlastn\u00ed post\u0159ehy, z\u00edskan\u00e9 v praxi, nabyt\u00e9 na \u0161kolen\u00edch \u010di komunikac\u00ed s podporou Loxone apod. Na rozd\u00edl od jin\u00fdch blog\u016f \u010di diskuzn\u00edch f\u00f3r, kde se v\u011bt\u0161inou p\u0159\u00edsp\u011bvky \u010di koment\u00e1\u0159e zvrhnou v [&hellip;]<\/p>\n","protected":false},"author":1,"featured_media":0,"parent":0,"menu_order":0,"comment_status":"closed","ping_status":"closed","template":"","meta":{"om_disable_all_campaigns":false,"_monsterinsights_skip_tracking":false,"_monsterinsights_sitenote_active":false,"_monsterinsights_sitenote_note":"","_monsterinsights_sitenote_category":0,"footnotes":""},"class_list":["post-2","page","type-page","status-publish","hentry"],"_links":{"self":[{"href":"https:\/\/loxoneworks.cz\/index.php?rest_route=\/wp\/v2\/pages\/2","targetHints":{"allow":["GET"]}}],"collection":[{"href":"https:\/\/loxoneworks.cz\/index.php?rest_route=\/wp\/v2\/pages"}],"about":[{"href":"https:\/\/loxoneworks.cz\/index.php?rest_route=\/wp\/v2\/types\/page"}],"author":[{"embeddable":true,"href":"https:\/\/loxoneworks.cz\/index.php?rest_route=\/wp\/v2\/users\/1"}],"replies":[{"embeddable":true,"href":"https:\/\/loxoneworks.cz\/index.php?rest_route=%2Fwp%2Fv2%2Fcomments&post=2"}],"version-history":[{"count":12,"href":"https:\/\/loxoneworks.cz\/index.php?rest_route=\/wp\/v2\/pages\/2\/revisions"}],"predecessor-version":[{"id":444,"href":"https:\/\/loxoneworks.cz\/index.php?rest_route=\/wp\/v2\/pages\/2\/revisions\/444"}],"wp:attachment":[{"href":"https:\/\/loxoneworks.cz\/index.php?rest_route=%2Fwp%2Fv2%2Fmedia&parent=2"}],"curies":[{"name":"wp","href":"https:\/\/api.w.org\/{rel}","templated":true}]}}